{"id":758,"date":"2023-01-23T12:30:32","date_gmt":"2023-01-23T12:30:32","guid":{"rendered":"http:\/\/villaskrisia.com\/?page_id=758"},"modified":"2023-02-08T13:53:49","modified_gmt":"2023-02-08T13:53:49","slug":"naslovna","status":"publish","type":"page","link":"http:\/\/villaskrisia.com\/en\/","title":{"rendered":"Home"},"content":{"rendered":"<section class=\"wpb-content-wrapper\"><p>[vc_row][vc_column][vc_column_text]\n\t\t<!-- MasterSlider -->\n\t\t<div id=\"P_MS69e21a740c5e4\" class=\"master-slider-parent msl ms-parent-id-3\" style=\"\">\n\n\t\t\t\n\t\t\t<!-- MasterSlider Main -->\n\t\t\t<div id=\"MS69e21a740c5e4\" class=\"master-slider ms-skin-black-1\" >\n\t\t\t\t \t\t\t\t \n\t\t\t\t<div  class=\"ms-slide\" data-delay=\"4\" data-fill-mode=\"fill\"  >\n\t\t\t\t\t<img src=\"http:\/\/villaskrisia.com\/wp-content\/plugins\/master-slider\/public\/assets\/css\/blank.gif\" alt=\"\" title=\"\" data-src=\"http:\/\/villaskrisia.com\/wp-content\/uploads\/2023\/01\/Villa-Skrisia_1.jpg\" \/>\n\n\n\t<div class=\"ms-thumb\" ><div class=\"ms-tab-context\"><div class=&quot;ms-tab-context&quot;><\/div><\/div>\n<\/div>\n\t\t\t\t<\/div>\n\t\t\t\t<div  class=\"ms-slide\" data-delay=\"4\" data-fill-mode=\"fill\"  >\n\t\t\t\t\t<img src=\"http:\/\/villaskrisia.com\/wp-content\/plugins\/master-slider\/public\/assets\/css\/blank.gif\" alt=\"\" title=\"\" data-src=\"http:\/\/villaskrisia.com\/wp-content\/uploads\/2023\/01\/Villa-Skrisia_2.jpg\" \/>\n\n\n\t<div class=\"ms-thumb\" ><div class=\"ms-tab-context\"><div class=&quot;ms-tab-context&quot;><\/div><\/div>\n<\/div>\n\t\t\t\t<\/div>\n\t\t\t\t<div  class=\"ms-slide\" data-delay=\"4\" data-fill-mode=\"fill\"  >\n\t\t\t\t\t<img src=\"http:\/\/villaskrisia.com\/wp-content\/plugins\/master-slider\/public\/assets\/css\/blank.gif\" alt=\"\" title=\"\" data-src=\"http:\/\/villaskrisia.com\/wp-content\/uploads\/2023\/01\/Villa-Skrisia_4.jpg\" \/>\n\n\n\t<div class=\"ms-thumb\" ><div class=\"ms-tab-context\"><div class=&quot;ms-tab-context&quot;><\/div><\/div>\n<\/div>\n\t\t\t\t<\/div>\n\t\t\t\t<div  class=\"ms-slide\" data-delay=\"4\" data-fill-mode=\"fill\"  >\n\t\t\t\t\t<img src=\"http:\/\/villaskrisia.com\/wp-content\/plugins\/master-slider\/public\/assets\/css\/blank.gif\" alt=\"\" title=\"\" data-src=\"http:\/\/villaskrisia.com\/wp-content\/uploads\/2023\/01\/Villa-Skrisia_5.jpg\" \/>\n\n\n\t<div class=\"ms-thumb\" ><div class=\"ms-tab-context\"><div class=&quot;ms-tab-context&quot;><\/div><\/div>\n<\/div>\n\t\t\t\t<\/div>\n\t\t\t\t<div  class=\"ms-slide\" data-delay=\"4\" data-fill-mode=\"fill\"  >\n\t\t\t\t\t<img src=\"http:\/\/villaskrisia.com\/wp-content\/plugins\/master-slider\/public\/assets\/css\/blank.gif\" alt=\"\" title=\"\" data-src=\"http:\/\/villaskrisia.com\/wp-content\/uploads\/2023\/01\/Villa-Skrisia_6.jpg\" \/>\n\n\n\t<div class=\"ms-thumb\" ><div class=\"ms-tab-context\"><div class=&quot;ms-tab-context&quot;><\/div><\/div>\n<\/div>\n\t\t\t\t<\/div>\n\t\t\t\t<div  class=\"ms-slide\" data-delay=\"4\" data-fill-mode=\"fill\"  >\n\t\t\t\t\t<img src=\"http:\/\/villaskrisia.com\/wp-content\/plugins\/master-slider\/public\/assets\/css\/blank.gif\" alt=\"\" title=\"\" data-src=\"http:\/\/villaskrisia.com\/wp-content\/uploads\/2023\/01\/Villa-Skrisia_7.jpg\" \/>\n\n\n\t<div class=\"ms-thumb\" ><div class=\"ms-tab-context\"><div class=&quot;ms-tab-context&quot;><\/div><\/div>\n<\/div>\n\t\t\t\t<\/div>\n\n\t\t\t<\/div>\n\t\t\t<!-- END MasterSlider Main -->\n\n\t\t\t \n\t\t<\/div>\n\t\t<!-- END MasterSlider -->\n\n\t\t<script>\n\t\t(function ( $ ) {\n\t\t\t\"use strict\";\n\n\t\t\t$(function () {\n\t\t\t\tvar masterslider_c5e4 = new MasterSlider();\n\n\t\t\t\t\/\/ slider controls\n\t\t\t\tmasterslider_c5e4.control('arrows'     ,{ autohide:false, overVideo:true  });\t\t\t\tmasterslider_c5e4.control('bullets'    ,{ autohide:false, overVideo:true, dir:'h', align:'bottom' , margin:10  });\n\n\t\t\t\tmasterslider_c5e4.control('scrollbar'  ,{ autohide:true, overVideo:true, dir:'h', inset:true, align:'top', color:'#404040' , margin:10  , width:4 });\n\t\t\t\t\/\/ slider setup\n\t\t\t\tmasterslider_c5e4.setup(\"MS69e21a740c5e4\", {\n\t\t\t\t\t\twidth           : 1600,\n\t\t\t\t\t\theight          : 800,\n\t\t\t\t\t\tminHeight       : 0,\n\t\t\t\t\t\tspace           : 0,\n\t\t\t\t\t\tstart           : 1,\n\t\t\t\t\t\tgrabCursor      : true,\n\t\t\t\t\t\tswipe           : true,\n\t\t\t\t\t\tmouse           : true,\n\t\t\t\t\t\tlayout          : \"fullwidth\",\n\t\t\t\t\t\twheel           : false,\n\t\t\t\t\t\tautoplay        : true,\n\t\t\t\t\t\tinstantStartLayers:false,\n\t\t\t\t\t\tloop            : true,\n\t\t\t\t\t\tshuffle         : false,\n\t\t\t\t\t\tpreload         : 0,\n\t\t\t\t\t\theightLimit     : true,\n\t\t\t\t\t\tautoHeight      : false,\n\t\t\t\t\t\tsmoothHeight    : true,\n\t\t\t\t\t\tendPause        : false,\n\t\t\t\t\t\toverPause       : false,\n\t\t\t\t\t\tfillMode        : \"fill\",\n\t\t\t\t\t\tcenterControls  : false,\n\t\t\t\t\t\tstartOnAppear   : false,\n\t\t\t\t\t\tlayersMode      : \"center\",\n\t\t\t\t\t\thideLayers      : false,\n\t\t\t\t\t\tfullscreenMargin: 0,\n\t\t\t\t\t\tspeed           : 20,\n\t\t\t\t\t\tdir             : \"h\",\n\t\t\t\t\t\tparallaxMode    : 'swipe',\n\t\t\t\t\t\tview            : \"basic\"\n\t\t\t\t});\n\n\t\t\t\t\n\t\t\t\twindow.masterslider_instances = window.masterslider_instances || [];\n\t\t\t\twindow.masterslider_instances.push( masterslider_c5e4 );\n\t\t\t });\n\n\t\t})(jQuery);\n\t\t<\/script>\n\n[\/vc_column_text][\/vc_column][\/vc_row][vc_row][vc_column][vc_empty_space height=&#8221;25px&#8221;][\/vc_column][\/vc_row][vc_row][vc_column][vc_column_text css_animation=&#8221;zoomIn&#8221;]<\/p>\n<p style=\"text-align: center;\">Villa Skrisia is a beautiful new construction of modern architecture with clean and simple exterior and interior lines<br \/>\nthat provide unobtrusive refinement and elegance.<br \/>\nA spacious villa with an open view of the sea on one side, and a view of the Velebit mountain on the other.<br \/>\nIt is located in the immediate vicinity of the sea.<br \/>\nA combination of the Mediterranean and the continental, where our guests enjoy the complete freedom of private accommodation<br \/>\nwith all the comfort and practicality.<\/p>\n<p style=\"text-align: center;\">The villa is an ideal choice for a family vacation, peace and relaxation, for all those who want a real vacation.<\/p>\n<p>[\/vc_column_text][\/vc_column][\/vc_row][vc_row][vc_column][vc_empty_space height=&#8221;50px&#8221;][\/vc_column][\/vc_row][vc_row][vc_column][vc_single_image image=&#8221;759&#8243; img_size=&#8221;full&#8221; alignment=&#8221;center&#8221; css_animation=&#8221;zoomIn&#8221;][\/vc_column][\/vc_row][vc_row][vc_column width=&#8221;2\/3&#8243;][vc_images_carousel images=&#8221;326,211,325&#8243; img_size=&#8221;full&#8221; onclick=&#8221;link_no&#8221; autoplay=&#8221;yes&#8221; hide_pagination_control=&#8221;yes&#8221; wrap=&#8221;yes&#8221; css_animation=&#8221;zoomIn&#8221; css=&#8221;.vc_custom_1674477522305{margin-top: 0px !important;margin-right: 0px !important;margin-bottom: 0px !important;margin-left: 0px !important;border-top-width: 1px !important;border-right-width: 1px !important;border-bottom-width: 1px !important;border-left-width: 1px !important;padding-top: 5px !important;padding-right: 5px !important;padding-bottom: 5px !important;padding-left: 5px !important;background-position: center !important;background-repeat: no-repeat !important;background-size: contain !important;border-left-color: #000000 !important;border-left-style: double !important;border-right-color: #000000 !important;border-right-style: double !important;border-top-color: #000000 !important;border-top-style: double !important;border-bottom-color: #000000 !important;border-bottom-style: double !important;border-radius: 1px !important;}&#8221;][\/vc_column][vc_column width=&#8221;1\/3&#8243;][vc_empty_space height=&#8221;5px&#8221;][vc_column_text css_animation=&#8221;zoomIn&#8221;]The family and tourist village of Ribarica is located in a beautiful bay at the very foot of the most beautiful and longest Croatian mountain, Velebit, which is only a few minutes&#8217; drive away. A wonderful combination of Mediterranean and mountain climate. In the past, it was an exclusive fishing village, after which it got its name, it has become a peaceful and pleasant resting place where you can really breathe to the fullest.<br \/>\nRibarica is located on an important road that leads north along the Adriatic highway to the historically important city of Senj, and south to the beautiful and famously rich city of Zadar, and inland to Gospi\u0107, Plitvice Lakes and Zagreb.<br \/>\nRibarica can boast of beautiful coves and crystal clear sea, natural rocky beaches and an environment of untouched nature where peace and relaxing vacation is guaranteed.<\/p>\n<p><a href=\"http:\/\/villaskrisia.com\/en\/destinacija\/\">discover more&#8230;<\/a><\/p>\n<p>&nbsp;[\/vc_column_text][\/vc_column][\/vc_row][vc_row][vc_column][vc_empty_space height=&#8221;50px&#8221;][\/vc_column][\/vc_row][vc_row][vc_column][vc_single_image image=&#8221;776&#8243; img_size=&#8221;full&#8221; alignment=&#8221;center&#8221; css_animation=&#8221;zoomIn&#8221;][\/vc_column][\/vc_row][vc_row][vc_column width=&#8221;1\/4&#8243;][vc_empty_space height=&#8221;25px&#8221;][vc_column_text css_animation=&#8221;zoomIn&#8221;]Villa Skrisia extends over three floors, a total of 250 m2 of air-conditioned living space with associated terraces on each floor which offer beautiful and unforgettable views, and a spacious yard where everyone can find a corner for themselves.<\/p>\n<blockquote><p>Living room<br \/>\nKitchen and dining room<br \/>\n3 bedrooms<br \/>\nBathrooms next to each room<br \/>\nPlayroom<br \/>\nA room for washing and drying laundry<br \/>\nBalcony<br \/>\nTerrace<br \/>\nSpa area<br \/>\nOutdoor pool<\/p><\/blockquote>\n<p><a href=\"http:\/\/villaskrisia.com\/en\/smjestaj\/\">See more&#8230;<\/a>[\/vc_column_text][\/vc_column][vc_column width=&#8221;3\/4&#8243;][vc_images_carousel images=&#8221;219,319,323&#8243; img_size=&#8221;full&#8221; onclick=&#8221;link_no&#8221; autoplay=&#8221;yes&#8221; hide_pagination_control=&#8221;yes&#8221; wrap=&#8221;yes&#8221; css_animation=&#8221;zoomIn&#8221; css=&#8221;.vc_custom_1674477532028{margin-top: 0px !important;margin-right: 0px !important;margin-bottom: 0px !important;margin-left: 0px !important;border-top-width: 1px !important;border-right-width: 1px !important;border-bottom-width: 1px !important;border-left-width: 1px !important;padding-top: 5px !important;padding-right: 5px !important;padding-bottom: 5px !important;padding-left: 5px !important;background-position: center !important;background-repeat: no-repeat !important;background-size: contain !important;border-left-color: #000000 !important;border-left-style: double !important;border-right-color: #000000 !important;border-right-style: double !important;border-top-color: #000000 !important;border-top-style: double !important;border-bottom-color: #000000 !important;border-bottom-style: double !important;border-radius: 1px !important;}&#8221;][\/vc_column][\/vc_row][vc_row][vc_column][vc_empty_space height=&#8221;100px&#8221;][\/vc_column][\/vc_row][vc_row][vc_column][vc_single_image image=&#8221;1093&#8243; img_size=&#8221;full&#8221; alignment=&#8221;center&#8221; css_animation=&#8221;zoomIn&#8221;][\/vc_column][\/vc_row][vc_row][vc_column width=&#8221;2\/3&#8243;][vc_images_carousel images=&#8221;334,330,329,331&#8243; img_size=&#8221;full&#8221; onclick=&#8221;link_no&#8221; autoplay=&#8221;yes&#8221; hide_pagination_control=&#8221;yes&#8221; wrap=&#8221;yes&#8221; css_animation=&#8221;zoomIn&#8221; css=&#8221;.vc_custom_1674477540932{margin-top: 0px !important;margin-right: 0px !important;margin-bottom: 0px !important;margin-left: 0px !important;border-top-width: 1px !important;border-right-width: 1px !important;border-bottom-width: 1px !important;border-left-width: 1px !important;padding-top: 5px !important;padding-right: 5px !important;padding-bottom: 5px !important;padding-left: 5px !important;background-position: center !important;background-repeat: no-repeat !important;background-size: contain !important;border-left-color: #000000 !important;border-left-style: double !important;border-right-color: #000000 !important;border-right-style: double !important;border-top-color: #000000 !important;border-top-style: double !important;border-bottom-color: #000000 !important;border-bottom-style: double !important;border-radius: 1px !important;}&#8221;][\/vc_column][vc_column width=&#8221;1\/3&#8243;][vc_empty_space height=&#8221;25px&#8221;][vc_column_text css_animation=&#8221;zoomIn&#8221;]We offer you relaxation, recreation and fun for adults and children.<\/p>\n<p>Relax on the covered terrace on the sun loungers or in the lounge area with your morning and afternoon coffee, enjoy the summer kitchen with grill and a large dining table in the outdoor in dining and swim in our outdoor &nbsp;heated pool.<\/p>\n<p>And for our youngest guests, we offer a game room equipped with the latest trendy games as well as table football and board games.<\/p>\n<p><a href=\"http:\/\/villaskrisia.com\/en\/zabava-i-rekreacija\/\">See more&#8230;<\/a>[\/vc_column_text][\/vc_column][\/vc_row][vc_row][vc_column][vc_empty_space height=&#8221;50px&#8221;][\/vc_column][\/vc_row][vc_row][vc_column][vc_single_image image=&#8221;780&#8243; img_size=&#8221;full&#8221; alignment=&#8221;center&#8221; css_animation=&#8221;zoomIn&#8221;][\/vc_column][\/vc_row][vc_row][vc_column width=&#8221;1\/4&#8243;][vc_empty_space height=&#8221;25px&#8221;][vc_column_text css_animation=&#8221;zoomIn&#8221;]Our luxurious villa also offers you a Spa area with a Finnish sauna<br \/>\nand jacuzzi, as well as relaxation and recreation at the outdoor pool,<br \/>\nas well as rest on the covered terrace.<\/p>\n<blockquote><p>Heated pool 6 x 3m<br \/>\nJacuzzi for 3 persons<br \/>\nFinnish sauna steam and dry<br \/>\nSunbeds<br \/>\nCloaks<br \/>\nTowels<br \/>\nFragrant baths<br \/>\nEssential oils<br \/>\nCandles for relaxation<\/p><\/blockquote>\n<p><a href=\"http:\/\/villaskrisia.com\/en\/spa-i-wellness\/\">See more&#8230;<\/a>[\/vc_column_text][\/vc_column][vc_column width=&#8221;3\/4&#8243;][vc_images_carousel images=&#8221;341,342&#8243; img_size=&#8221;full&#8221; onclick=&#8221;link_no&#8221; autoplay=&#8221;yes&#8221; hide_pagination_control=&#8221;yes&#8221; wrap=&#8221;yes&#8221; css_animation=&#8221;zoomIn&#8221; css=&#8221;.vc_custom_1674211417597{margin-top: 0px !important;margin-right: 0px !important;margin-bottom: 0px !important;margin-left: 0px !important;border-top-width: 1px !important;border-right-width: 1px !important;border-bottom-width: 1px !important;border-left-width: 1px !important;padding-top: 5px !important;padding-right: 5px !important;padding-bottom: 5px !important;padding-left: 5px !important;background-position: center !important;background-repeat: no-repeat !important;background-size: contain !important;border-left-color: #ffffff !important;border-left-style: double !important;border-right-color: #ffffff !important;border-right-style: double !important;border-top-color: #ffffff !important;border-top-style: double !important;border-bottom-color: #ffffff !important;border-bottom-style: double !important;border-radius: 1px !important;}&#8221;][\/vc_column][\/vc_row][vc_row][vc_column][vc_empty_space height=&#8221;100px&#8221;][\/vc_column][\/vc_row][vc_row full_width=&#8221;stretch_row_content_no_spaces&#8221; css=&#8221;.vc_custom_1674477704140{margin-bottom: -40px !important;background-color: #000000 !important;}&#8221;][vc_column width=&#8221;1\/5&#8243;][vc_column_text css_animation=&#8221;zoomIn&#8221;]<\/p>\n<div class=\"e5e0727360\" style=\"text-align: center;\" data-testid=\"facility-list-most-popular-facilities\">\n<div class=\"a815ec762e ab06168e66\">\n<div class=\"e2c5f6cdcb\">\n<h3 class=\"db29ecfbe2 f0d4d6a2f5\">Free&nbsp; WiFi<\/h3>\n<\/div>\n<\/div>\n<\/div>\n<p>[\/vc_column_text][vc_icon type=&#8221;openiconic&#8221; icon_openiconic=&#8221;vc-oi vc-oi-rss&#8221; color=&#8221;custom&#8221; align=&#8221;center&#8221; css_animation=&#8221;zoomIn&#8221; custom_color=&#8221;#baa321&#8243;][\/vc_column][vc_column width=&#8221;1\/5&#8243;][vc_column_text css_animation=&#8221;zoomIn&#8221;]<\/p>\n<h3 style=\"text-align: center;\">Air conditioned<\/h3>\n<p>[\/vc_column_text][vc_icon type=&#8221;material&#8221; icon_material=&#8221;vc-material vc-material-ac_unit&#8221; color=&#8221;custom&#8221; align=&#8221;center&#8221; css_animation=&#8221;zoomIn&#8221; custom_color=&#8221;#baa321&#8243;][\/vc_column][vc_column width=&#8221;1\/5&#8243;][vc_column_text css_animation=&#8221;zoomIn&#8221;]<\/p>\n<h3 style=\"text-align: center;\">Free parking<\/h3>\n<p>[\/vc_column_text][vc_icon type=&#8221;material&#8221; icon_material=&#8221;vc-material vc-material-directions_car&#8221; color=&#8221;custom&#8221; align=&#8221;center&#8221; css_animation=&#8221;zoomIn&#8221; custom_color=&#8221;#baa321&#8243;][\/vc_column][vc_column width=&#8221;1\/5&#8243;][vc_column_text css_animation=&#8221;zoomIn&#8221;]<\/p>\n<h3 style=\"text-align: center;\">Mooring for the ship<\/h3>\n<p>[\/vc_column_text][vc_icon type=&#8221;typicons&#8221; icon_typicons=&#8221;typcn typcn-anchor&#8221; color=&#8221;custom&#8221; align=&#8221;center&#8221; css_animation=&#8221;zoomIn&#8221; custom_color=&#8221;#baa321&#8243;][\/vc_column][vc_column width=&#8221;1\/5&#8243;][vc_column_text css_animation=&#8221;zoomIn&#8221;]<\/p>\n<h3 style=\"text-align: center;\">Pets allowed by agreement<\/h3>\n<p>[\/vc_column_text][vc_icon type=&#8221;material&#8221; icon_material=&#8221;vc-material vc-material-pets&#8221; color=&#8221;custom&#8221; align=&#8221;center&#8221; css_animation=&#8221;zoomIn&#8221; custom_color=&#8221;#baa321&#8243;][\/vc_column][\/vc_row]<\/p>\n<\/section>","protected":false},"excerpt":{"rendered":"<p>[vc_row][vc_column][vc_column_text][\/vc_column_text][\/vc_column][\/vc_row][vc_row][vc_column][vc_empty_space height=&#8221;25px&#8221;][\/vc_column][\/vc_row][vc_row][vc_column][vc_column_text css_animation=&#8221;zoomIn&#8221;] Villa Skrisia is a beautiful new construction of modern architecture with clean and simple exterior and interior lines that provide unobtrusive refinement and elegance. A spacious villa with an open view of the sea on one side, and a view of the Velebit mountain on the other. It is located in the [&hellip;]<\/p>\n","protected":false},"author":1,"featured_media":0,"parent":0,"menu_order":0,"comment_status":"closed","ping_status":"closed","template":"","meta":{"ngg_post_thumbnail":0},"yoast_head":"<!-- This site is optimized with the Yoast SEO plugin v19.14 - https:\/\/yoast.com\/wordpress\/plugins\/seo\/ -->\n<title>Villa Skrisia Villa Skrisia<\/title>\n<meta name=\"description\" content=\"Luksuzna vila sa Spa prostorom i bazenom smje\u0161tena u turisti\u010dkom naselju Ribarica. Vila je idealan odabir za obiteljski odmor, mir i opu\u0161tanje, za sve one \u017eeljne istinskog odmora.\" \/>\n<meta name=\"robots\" content=\"index, follow, max-snippet:-1, max-image-preview:large, max-video-preview:-1\" \/>\n<link rel=\"canonical\" href=\"http:\/\/villaskrisia.com\/\" \/>\n<meta property=\"og:locale\" content=\"en_US\" \/>\n<meta property=\"og:type\" content=\"article\" \/>\n<meta property=\"og:title\" content=\"Villa Skrisia Villa Skrisia\" \/>\n<meta property=\"og:description\" content=\"Luksuzna vila sa Spa prostorom i bazenom smje\u0161tena u turisti\u010dkom naselju Ribarica. Vila je idealan odabir za obiteljski odmor, mir i opu\u0161tanje, za sve one \u017eeljne istinskog odmora.\" \/>\n<meta property=\"og:url\" content=\"http:\/\/villaskrisia.com\/\" \/>\n<meta property=\"og:site_name\" content=\"Villa Skrisia\" \/>\n<meta property=\"article:modified_time\" content=\"2023-02-08T13:53:49+00:00\" \/>\n<meta name=\"twitter:card\" content=\"summary_large_image\" \/>\n<meta name=\"twitter:label1\" content=\"Est. reading time\" \/>\n\t<meta name=\"twitter:data1\" content=\"4 minutes\" \/>\n<script type=\"application\/ld+json\" class=\"yoast-schema-graph\">{\"@context\":\"https:\/\/schema.org\",\"@graph\":[{\"@type\":\"WebPage\",\"@id\":\"http:\/\/villaskrisia.com\/\",\"url\":\"http:\/\/villaskrisia.com\/\",\"name\":\"Villa Skrisia Villa Skrisia\",\"isPartOf\":{\"@id\":\"http:\/\/villaskrisia.com\/#website\"},\"datePublished\":\"2023-01-23T12:30:32+00:00\",\"dateModified\":\"2023-02-08T13:53:49+00:00\",\"description\":\"Luksuzna vila sa Spa prostorom i bazenom smje\u0161tena u turisti\u010dkom naselju Ribarica. Vila je idealan odabir za obiteljski odmor, mir i opu\u0161tanje, za sve one \u017eeljne istinskog odmora.\",\"breadcrumb\":{\"@id\":\"http:\/\/villaskrisia.com\/#breadcrumb\"},\"inLanguage\":\"en-US\",\"potentialAction\":[{\"@type\":\"ReadAction\",\"target\":[\"http:\/\/villaskrisia.com\/\"]}]},{\"@type\":\"BreadcrumbList\",\"@id\":\"http:\/\/villaskrisia.com\/#breadcrumb\",\"itemListElement\":[{\"@type\":\"ListItem\",\"position\":1,\"name\":\"Home\",\"item\":\"http:\/\/villaskrisia.com\/\"},{\"@type\":\"ListItem\",\"position\":2,\"name\":\"Naslovna\"}]},{\"@type\":\"WebSite\",\"@id\":\"http:\/\/villaskrisia.com\/#website\",\"url\":\"http:\/\/villaskrisia.com\/\",\"name\":\"Villa Skrisia\",\"description\":\"\",\"publisher\":{\"@id\":\"http:\/\/villaskrisia.com\/#organization\"},\"potentialAction\":[{\"@type\":\"SearchAction\",\"target\":{\"@type\":\"EntryPoint\",\"urlTemplate\":\"http:\/\/villaskrisia.com\/?s={search_term_string}\"},\"query-input\":\"required name=search_term_string\"}],\"inLanguage\":\"en-US\"},{\"@type\":\"Organization\",\"@id\":\"http:\/\/villaskrisia.com\/#organization\",\"name\":\"Villa Skrisia\",\"url\":\"http:\/\/villaskrisia.com\/\",\"logo\":{\"@type\":\"ImageObject\",\"inLanguage\":\"en-US\",\"@id\":\"http:\/\/villaskrisia.com\/#\/schema\/logo\/image\/\",\"url\":\"http:\/\/villaskrisia.com\/wp-content\/uploads\/2023\/01\/logo_4stars_Villa_Skrisia_400X100.png\",\"contentUrl\":\"http:\/\/villaskrisia.com\/wp-content\/uploads\/2023\/01\/logo_4stars_Villa_Skrisia_400X100.png\",\"width\":400,\"height\":100,\"caption\":\"Villa Skrisia\"},\"image\":{\"@id\":\"http:\/\/villaskrisia.com\/#\/schema\/logo\/image\/\"}}]}<\/script>\n<!-- \/ Yoast SEO plugin. -->","yoast_head_json":{"title":"Villa Skrisia Villa Skrisia","description":"Luksuzna vila sa Spa prostorom i bazenom smje\u0161tena u turisti\u010dkom naselju Ribarica. Vila je idealan odabir za obiteljski odmor, mir i opu\u0161tanje, za sve one \u017eeljne istinskog odmora.","robots":{"index":"index","follow":"follow","max-snippet":"max-snippet:-1","max-image-preview":"max-image-preview:large","max-video-preview":"max-video-preview:-1"},"canonical":"http:\/\/villaskrisia.com\/","og_locale":"en_US","og_type":"article","og_title":"Villa Skrisia Villa Skrisia","og_description":"Luksuzna vila sa Spa prostorom i bazenom smje\u0161tena u turisti\u010dkom naselju Ribarica. Vila je idealan odabir za obiteljski odmor, mir i opu\u0161tanje, za sve one \u017eeljne istinskog odmora.","og_url":"http:\/\/villaskrisia.com\/","og_site_name":"Villa Skrisia","article_modified_time":"2023-02-08T13:53:49+00:00","twitter_card":"summary_large_image","twitter_misc":{"Est. reading time":"4 minutes"},"schema":{"@context":"https:\/\/schema.org","@graph":[{"@type":"WebPage","@id":"http:\/\/villaskrisia.com\/","url":"http:\/\/villaskrisia.com\/","name":"Villa Skrisia Villa Skrisia","isPartOf":{"@id":"http:\/\/villaskrisia.com\/#website"},"datePublished":"2023-01-23T12:30:32+00:00","dateModified":"2023-02-08T13:53:49+00:00","description":"Luksuzna vila sa Spa prostorom i bazenom smje\u0161tena u turisti\u010dkom naselju Ribarica. Vila je idealan odabir za obiteljski odmor, mir i opu\u0161tanje, za sve one \u017eeljne istinskog odmora.","breadcrumb":{"@id":"http:\/\/villaskrisia.com\/#breadcrumb"},"inLanguage":"en-US","potentialAction":[{"@type":"ReadAction","target":["http:\/\/villaskrisia.com\/"]}]},{"@type":"BreadcrumbList","@id":"http:\/\/villaskrisia.com\/#breadcrumb","itemListElement":[{"@type":"ListItem","position":1,"name":"Home","item":"http:\/\/villaskrisia.com\/"},{"@type":"ListItem","position":2,"name":"Naslovna"}]},{"@type":"WebSite","@id":"http:\/\/villaskrisia.com\/#website","url":"http:\/\/villaskrisia.com\/","name":"Villa Skrisia","description":"","publisher":{"@id":"http:\/\/villaskrisia.com\/#organization"},"potentialAction":[{"@type":"SearchAction","target":{"@type":"EntryPoint","urlTemplate":"http:\/\/villaskrisia.com\/?s={search_term_string}"},"query-input":"required name=search_term_string"}],"inLanguage":"en-US"},{"@type":"Organization","@id":"http:\/\/villaskrisia.com\/#organization","name":"Villa Skrisia","url":"http:\/\/villaskrisia.com\/","logo":{"@type":"ImageObject","inLanguage":"en-US","@id":"http:\/\/villaskrisia.com\/#\/schema\/logo\/image\/","url":"http:\/\/villaskrisia.com\/wp-content\/uploads\/2023\/01\/logo_4stars_Villa_Skrisia_400X100.png","contentUrl":"http:\/\/villaskrisia.com\/wp-content\/uploads\/2023\/01\/logo_4stars_Villa_Skrisia_400X100.png","width":400,"height":100,"caption":"Villa Skrisia"},"image":{"@id":"http:\/\/villaskrisia.com\/#\/schema\/logo\/image\/"}}]}},"_links":{"self":[{"href":"http:\/\/villaskrisia.com\/en\/wp-json\/wp\/v2\/pages\/758"}],"collection":[{"href":"http:\/\/villaskrisia.com\/en\/wp-json\/wp\/v2\/pages"}],"about":[{"href":"http:\/\/villaskrisia.com\/en\/wp-json\/wp\/v2\/types\/page"}],"author":[{"embeddable":true,"href":"http:\/\/villaskrisia.com\/en\/wp-json\/wp\/v2\/users\/1"}],"replies":[{"embeddable":true,"href":"http:\/\/villaskrisia.com\/en\/wp-json\/wp\/v2\/comments?post=758"}],"version-history":[{"count":46,"href":"http:\/\/villaskrisia.com\/en\/wp-json\/wp\/v2\/pages\/758\/revisions"}],"predecessor-version":[{"id":1122,"href":"http:\/\/villaskrisia.com\/en\/wp-json\/wp\/v2\/pages\/758\/revisions\/1122"}],"wp:attachment":[{"href":"http:\/\/villaskrisia.com\/en\/wp-json\/wp\/v2\/media?parent=758"}],"curies":[{"name":"wp","href":"https:\/\/api.w.org\/{rel}","templated":true}]}}